{"id":55,"date":"2023-02-21T11:55:45","date_gmt":"2023-02-21T11:55:45","guid":{"rendered":"https:\/\/juinfo.se\/?page_id=55"},"modified":"2023-02-21T12:38:22","modified_gmt":"2023-02-21T12:38:22","slug":"om-oss","status":"publish","type":"page","link":"https:\/\/juinfo.se\/?page_id=55","title":{"rendered":"Om oss"},"content":{"rendered":"\n<h2 class=\"wp-block-heading\">Om J\u00f6nk\u00f6ping University<\/h2>\n\n\n\n<h4 class=\"wp-block-heading\">J\u00f6nk\u00f6ping University \u00e4r organiserat som en icke-vinstdrivande koncern. I koncernen ing\u00e5r Stiftelsen H\u00f6gskolan i J\u00f6nk\u00f6ping och dess sex hel\u00e4gda dotterbolag. <\/h4>\n\n\n\n<p>Dessa \u00e4r organiserade som aktiebolag och omfattar: H\u00e4lsoh\u00f6gskolan, H\u00f6gskolan f\u00f6r l\u00e4rande och kommunikation, J\u00f6nk\u00f6ping International Business School, Tekniska H\u00f6gskolan samt H\u00f6gskoleservice och J\u00f6nk\u00f6ping University Enterprise. Stiftelsen bedriver verksamheten genom dotterbolagen.<\/p>\n\n\n\n<p>J\u00f6nk\u00f6ping University erbjuder cirka 80 program\/inriktningar p\u00e5 grund- och avancerad niv\u00e5.<\/p>\n\n\n\n<p>Fokus inom forskning \u00e4r entrepren\u00f6rskap, \u00e4gande och f\u00f6rnyelse; industriell produktframtagning i samverkan, s\u00e4rskilt till\u00e4mpningar i tillverkande f\u00f6retag och n\u00e4raliggande tj\u00e4nstef\u00f6retag; bevarande och \u00e5terskapande av individers h\u00e4lsa, v\u00e4lbefinnande och v\u00e4lf\u00e4rd; och l\u00e4randet och kommunikationens villkor.<\/p>\n","protected":false},"excerpt":{"rendered":"<p>Om J\u00f6nk\u00f6ping University J\u00f6nk\u00f6ping University \u00e4r organiserat som en icke-vinstdrivande koncern. I koncernen ing\u00e5r Stiftelsen H\u00f6gskolan i J\u00f6nk\u00f6ping och dess sex hel\u00e4gda dotterbolag. Dessa \u00e4r&hellip;<\/p>\n","protected":false},"author":1,"featured_media":0,"parent":0,"menu_order":0,"comment_status":"closed","ping_status":"closed","template":"","meta":{"footnotes":""},"class_list":["post-55","page","type-page","status-publish","hentry"],"_links":{"self":[{"href":"https:\/\/juinfo.se\/index.php?rest_route=\/wp\/v2\/pages\/55","targetHints":{"allow":["GET"]}}],"collection":[{"href":"https:\/\/juinfo.se\/index.php?rest_route=\/wp\/v2\/pages"}],"about":[{"href":"https:\/\/juinfo.se\/index.php?rest_route=\/wp\/v2\/types\/page"}],"author":[{"embeddable":true,"href":"https:\/\/juinfo.se\/index.php?rest_route=\/wp\/v2\/users\/1"}],"replies":[{"embeddable":true,"href":"https:\/\/juinfo.se\/index.php?rest_route=%2Fwp%2Fv2%2Fcomments&post=55"}],"version-history":[{"count":3,"href":"https:\/\/juinfo.se\/index.php?rest_route=\/wp\/v2\/pages\/55\/revisions"}],"predecessor-version":[{"id":86,"href":"https:\/\/juinfo.se\/index.php?rest_route=\/wp\/v2\/pages\/55\/revisions\/86"}],"wp:attachment":[{"href":"https:\/\/juinfo.se\/index.php?rest_route=%2Fwp%2Fv2%2Fmedia&parent=55"}],"curies":[{"name":"wp","href":"https:\/\/api.w.org\/{rel}","templated":true}]}}