{"id":49,"date":"2023-02-21T11:44:02","date_gmt":"2023-02-21T11:44:02","guid":{"rendered":"https:\/\/juinfo.se\/?page_id=49"},"modified":"2023-02-21T12:31:10","modified_gmt":"2023-02-21T12:31:10","slug":"kontakt","status":"publish","type":"page","link":"https:\/\/juinfo.se\/?page_id=49","title":{"rendered":"Kontakt"},"content":{"rendered":"\n<h2 class=\"wp-block-heading\">Kontaktinformation<\/h2>\n\n\n\n<p>Stiftelsen H\u00f6gskolan i J\u00f6nk\u00f6ping<br>Bes\u00f6ksadress: Gjuterigatan 5, J\u00f6nk\u00f6ping<\/p>\n\n\n\n<p>Postadress:<\/p>\n\n\n\n<p>J\u00f6nk\u00f6ping University<br>Box 1026<br>551 11 J\u00f6nk\u00f6ping<\/p>\n\n\n\n<p><strong>E-post:<\/strong><\/p>\n\n\n\n<p>Allm\u00e4nna skrivelser till JU: <a href=\"mailto:registrator@ju.se\">registrator@ju.se<\/a><\/p>\n\n\n\n<p>Press\u00e4renden: <a href=\"mailto:press@ju.se\">press@ju.se<\/a><\/p>\n\n\n\n<p><strong>Viktiga telefonnummer<\/strong><\/p>\n\n\n\n<p>Presstelefon 073- 910 17 53<\/p>\n\n\n\n<p>IT Helpdesk 036-101112<\/p>\n\n\n\n<p>Vaktm\u00e4steri Jourtelefon 036-10 10 80<\/p>\n\n\n\n<p>JU:s v\u00e4xel (Kalix24) 036-10 10 00<\/p>\n\n\n\n<p>Webbsida <a href=\"http:\/\/www.ju.se\" data-type=\"URL\" data-id=\"www.ju.se\">ju.se<\/a><\/p>\n","protected":false},"excerpt":{"rendered":"<p>Kontaktinformation Stiftelsen H\u00f6gskolan i J\u00f6nk\u00f6pingBes\u00f6ksadress: Gjuterigatan 5, J\u00f6nk\u00f6ping Postadress: J\u00f6nk\u00f6ping UniversityBox 1026551 11 J\u00f6nk\u00f6ping E-post: Allm\u00e4nna skrivelser till JU: registrator@ju.se Press\u00e4renden: press@ju.se Viktiga telefonnummer Presstelefon&hellip;<\/p>\n","protected":false},"author":1,"featured_media":0,"parent":0,"menu_order":0,"comment_status":"closed","ping_status":"closed","template":"","meta":{"footnotes":""},"class_list":["post-49","page","type-page","status-publish","hentry"],"_links":{"self":[{"href":"https:\/\/juinfo.se\/index.php?rest_route=\/wp\/v2\/pages\/49","targetHints":{"allow":["GET"]}}],"collection":[{"href":"https:\/\/juinfo.se\/index.php?rest_route=\/wp\/v2\/pages"}],"about":[{"href":"https:\/\/juinfo.se\/index.php?rest_route=\/wp\/v2\/types\/page"}],"author":[{"embeddable":true,"href":"https:\/\/juinfo.se\/index.php?rest_route=\/wp\/v2\/users\/1"}],"replies":[{"embeddable":true,"href":"https:\/\/juinfo.se\/index.php?rest_route=%2Fwp%2Fv2%2Fcomments&post=49"}],"version-history":[{"count":3,"href":"https:\/\/juinfo.se\/index.php?rest_route=\/wp\/v2\/pages\/49\/revisions"}],"predecessor-version":[{"id":78,"href":"https:\/\/juinfo.se\/index.php?rest_route=\/wp\/v2\/pages\/49\/revisions\/78"}],"wp:attachment":[{"href":"https:\/\/juinfo.se\/index.php?rest_route=%2Fwp%2Fv2%2Fmedia&parent=49"}],"curies":[{"name":"wp","href":"https:\/\/api.w.org\/{rel}","templated":true}]}}