{"id":18,"date":"2023-02-21T09:44:08","date_gmt":"2023-02-21T09:44:08","guid":{"rendered":"https:\/\/juinfo.se\/?page_id=18"},"modified":"2023-02-21T15:45:46","modified_gmt":"2023-02-21T15:45:46","slug":"hem","status":"publish","type":"page","link":"https:\/\/juinfo.se\/","title":{"rendered":"J\u00f6nk\u00f6ping Universitys tillf\u00e4lliga webbplats"},"content":{"rendered":"\n<h2 class=\"wp-block-heading\">J\u00f6nk\u00f6ping Universitys tillf\u00e4lliga webbplats<\/h2>\n\n\n\n<h4 class=\"wp-block-heading\">Du har kommit till J\u00f6nk\u00f6ping Universitys tillf\u00e4lliga webbplats.<\/h4>\n\n\n\n<p>H\u00e4r publicerar J\u00f6nk\u00f6ping University nyheter och viktig information vid kris eller st\u00f6rre h\u00e4ndelse som p\u00e5verkar v\u00e5r verksamhet.<br>Webbplatsen aktiveras <strong>n\u00e4r v\u00e5r ordinarie webbplats, ju.se, inte kan anv\u00e4ndas.<\/strong><\/p>\n\n\n\n<p>Webbplatsen administreras av J\u00f6nk\u00f6ping Universitys kommunikationsavdelning.<\/p>\n\n\n\n<h2 class=\"wp-block-heading\">J\u00f6nk\u00f6ping University\u2019s emergency website<\/h2>\n\n\n\n<h4 class=\"wp-block-heading\">This is J\u00f6nk\u00f6ping University\u2019s emergency website.<\/h4>\n\n\n\n<p>The university publishes news and important information here in the event of a crisis or major event that affects our operations.<\/p>\n\n\n\n<p>The website is activated when our regular website,&nbsp;<a href=\"http:\/\/www.ju.se\/\">ju.se<\/a>, cannot be used.<\/p>\n\n\n\n<p>The website is administered by the Communications Department.<\/p>\n","protected":false},"excerpt":{"rendered":"<p>J\u00f6nk\u00f6ping Universitys tillf\u00e4lliga webbplats Du har kommit till J\u00f6nk\u00f6ping Universitys tillf\u00e4lliga webbplats. H\u00e4r publicerar J\u00f6nk\u00f6ping University nyheter och viktig information vid kris eller st\u00f6rre h\u00e4ndelse&hellip;<\/p>\n","protected":false},"author":1,"featured_media":0,"parent":0,"menu_order":0,"comment_status":"closed","ping_status":"closed","template":"","meta":{"footnotes":""},"class_list":["post-18","page","type-page","status-publish","hentry"],"_links":{"self":[{"href":"https:\/\/juinfo.se\/index.php?rest_route=\/wp\/v2\/pages\/18","targetHints":{"allow":["GET"]}}],"collection":[{"href":"https:\/\/juinfo.se\/index.php?rest_route=\/wp\/v2\/pages"}],"about":[{"href":"https:\/\/juinfo.se\/index.php?rest_route=\/wp\/v2\/types\/page"}],"author":[{"embeddable":true,"href":"https:\/\/juinfo.se\/index.php?rest_route=\/wp\/v2\/users\/1"}],"replies":[{"embeddable":true,"href":"https:\/\/juinfo.se\/index.php?rest_route=%2Fwp%2Fv2%2Fcomments&post=18"}],"version-history":[{"count":7,"href":"https:\/\/juinfo.se\/index.php?rest_route=\/wp\/v2\/pages\/18\/revisions"}],"predecessor-version":[{"id":106,"href":"https:\/\/juinfo.se\/index.php?rest_route=\/wp\/v2\/pages\/18\/revisions\/106"}],"wp:attachment":[{"href":"https:\/\/juinfo.se\/index.php?rest_route=%2Fwp%2Fv2%2Fmedia&parent=18"}],"curies":[{"name":"wp","href":"https:\/\/api.w.org\/{rel}","templated":true}]}}